{"id":2745,"date":"2025-12-12T16:52:45","date_gmt":"2025-12-12T16:52:45","guid":{"rendered":"https:\/\/digivantec.com\/?post_type=product&#038;p=2745"},"modified":"2025-12-18T04:59:18","modified_gmt":"2025-12-18T04:59:18","slug":"consulta-y-diagnostico-2-horas","status":"publish","type":"product","link":"https:\/\/digivantec.com\/en\/product\/consulta-y-diagnostico-2-horas\/","title":{"rendered":"Consulta y Diagnostico"},"content":{"rendered":"<p>Sesi\u00f3n de <strong data-start=\"10\" data-end=\"59\">Diagn\u00f3stico y Consultor\u00eda Estrat\u00e9gica Digital<\/strong> donde, desde el primer contacto, obtienes claridad real sobre tu negocio: analizamos tu marca, presencia digital, procesos y objetivos para detectar oportunidades, riesgos y prioridades, y te entregamos una <strong data-start=\"267\" data-end=\"325\">evaluaci\u00f3n personalizada con una estrategia accionable<\/strong>, basada en criterio experto y experiencia real, que te permite tomar decisiones informadas, evitar errores costosos y avanzar con rumbo claro, ya sea implement\u00e1ndola por tu cuenta o continuando el acompa\u00f1amiento con nosotros.<\/p>","protected":false},"excerpt":{"rendered":"<p>Sesi\u00f3n de Diagn\u00f3stico y Consultor\u00eda Estrat\u00e9gica Digital donde, desde el primer contacto, obtienes claridad real sobre tu negocio: analizamos tu marca, presencia digital, procesos y objetivos para detectar oportunidades, riesgos y prioridades, y te entregamos una evaluaci\u00f3n personalizada con una estrategia accionable, basada en criterio experto y experiencia real, que te permite tomar decisiones informadas, [&hellip;]<\/p>\n","protected":false},"featured_media":2749,"comment_status":"open","ping_status":"closed","template":"","meta":{"_joinchat":[]},"product_brand":[],"product_cat":[34],"product_tag":[37,38,35,36,39],"class_list":{"0":"post-2745","1":"product","2":"type-product","3":"status-publish","4":"has-post-thumbnail","6":"product_cat-consultorias","7":"product_tag-ads","8":"product_tag-consultoria","9":"product_tag-marketing","10":"product_tag-marketing-digital","11":"product_tag-pagina-web","13":"first","14":"instock","15":"shipping-taxable","16":"purchasable","17":"product-type-simple"},"_links":{"self":[{"href":"https:\/\/digivantec.com\/en\/wp-json\/wp\/v2\/product\/2745","targetHints":{"allow":["GET"]}}],"collection":[{"href":"https:\/\/digivantec.com\/en\/wp-json\/wp\/v2\/product"}],"about":[{"href":"https:\/\/digivantec.com\/en\/wp-json\/wp\/v2\/types\/product"}],"replies":[{"embeddable":true,"href":"https:\/\/digivantec.com\/en\/wp-json\/wp\/v2\/comments?post=2745"}],"wp:featuredmedia":[{"embeddable":true,"href":"https:\/\/digivantec.com\/en\/wp-json\/wp\/v2\/media\/2749"}],"wp:attachment":[{"href":"https:\/\/digivantec.com\/en\/wp-json\/wp\/v2\/media?parent=2745"}],"wp:term":[{"taxonomy":"product_brand","embeddable":true,"href":"https:\/\/digivantec.com\/en\/wp-json\/wp\/v2\/product_brand?post=2745"},{"taxonomy":"product_cat","embeddable":true,"href":"https:\/\/digivantec.com\/en\/wp-json\/wp\/v2\/product_cat?post=2745"},{"taxonomy":"product_tag","embeddable":true,"href":"https:\/\/digivantec.com\/en\/wp-json\/wp\/v2\/product_tag?post=2745"}],"curies":[{"name":"wp","href":"https:\/\/api.w.org\/{rel}","templated":true}]}}