{"id":2196,"date":"2024-03-05T17:01:55","date_gmt":"2024-03-05T17:01:55","guid":{"rendered":"https:\/\/digivantec.com\/?post_type=product&#038;p=2196"},"modified":"2024-03-05T20:22:28","modified_gmt":"2024-03-05T20:22:28","slug":"invitacion-digital","status":"publish","type":"product","link":"https:\/\/digivantec.com\/en\/product\/invitacion-digital\/","title":{"rendered":"Invitaci\u00f3n Digital"},"content":{"rendered":"<p>Creamos invitaciones digitales 100% personalizadas para bodas, quincea\u00f1eras o para cualquier tipo de evento. Una nueva manera de presentar tu evento, ll\u00e1manos y descubre todas la ventajas de una Invitaci\u00f3n Inteligente.<\/p>\n<p>Cuenta Regresiva + GPS + Calendario + Galer\u00eda de fotos + Mesa de regalos + Hospedaje \/ Itinerario + C\u00f3digo de vestimenta + Secci\u00f3n nombramientos (testigos, padrinos, familia, etc.) + Secci\u00f3n #Hashtag de Instagram + Secci\u00f3n video + Sistema de confirmaci\u00f3n de asistencia, mediante WhatsApp y\/o Email.<\/p>\n<p>Cualquier otra funcionalidad tendr\u00e1 costo extra.<\/p>","protected":false},"excerpt":{"rendered":"<p>Creamos invitaciones digitales 100% personalizadas para bodas, quincea\u00f1eras o para cualquier tipo de evento. Una nueva manera de presentar tu evento, ll\u00e1manos y descubre todas la ventajas de una Invitaci\u00f3n Inteligente. Cuenta Regresiva + GPS + Calendario + Galer\u00eda de fotos + Mesa de regalos + Hospedaje \/ Itinerario + C\u00f3digo de vestimenta + Secci\u00f3n [&hellip;]<\/p>\n","protected":false},"featured_media":2192,"comment_status":"open","ping_status":"closed","template":"","meta":{"_joinchat":[]},"product_brand":[],"product_cat":[19],"product_tag":[],"class_list":{"0":"post-2196","1":"product","2":"type-product","3":"status-publish","4":"has-post-thumbnail","6":"product_cat-sin-categorizar","8":"first","9":"instock","10":"shipping-taxable","11":"purchasable","12":"product-type-simple"},"_links":{"self":[{"href":"https:\/\/digivantec.com\/en\/wp-json\/wp\/v2\/product\/2196","targetHints":{"allow":["GET"]}}],"collection":[{"href":"https:\/\/digivantec.com\/en\/wp-json\/wp\/v2\/product"}],"about":[{"href":"https:\/\/digivantec.com\/en\/wp-json\/wp\/v2\/types\/product"}],"replies":[{"embeddable":true,"href":"https:\/\/digivantec.com\/en\/wp-json\/wp\/v2\/comments?post=2196"}],"wp:featuredmedia":[{"embeddable":true,"href":"https:\/\/digivantec.com\/en\/wp-json\/wp\/v2\/media\/2192"}],"wp:attachment":[{"href":"https:\/\/digivantec.com\/en\/wp-json\/wp\/v2\/media?parent=2196"}],"wp:term":[{"taxonomy":"product_brand","embeddable":true,"href":"https:\/\/digivantec.com\/en\/wp-json\/wp\/v2\/product_brand?post=2196"},{"taxonomy":"product_cat","embeddable":true,"href":"https:\/\/digivantec.com\/en\/wp-json\/wp\/v2\/product_cat?post=2196"},{"taxonomy":"product_tag","embeddable":true,"href":"https:\/\/digivantec.com\/en\/wp-json\/wp\/v2\/product_tag?post=2196"}],"curies":[{"name":"wp","href":"https:\/\/api.w.org\/{rel}","templated":true}]}}