{"id":2078,"date":"2024-02-08T20:08:43","date_gmt":"2024-02-08T20:08:43","guid":{"rendered":"https:\/\/digivantec.com\/?post_type=product&#038;p=2078"},"modified":"2024-02-08T20:09:37","modified_gmt":"2024-02-08T20:09:37","slug":"pagina-web-inmobiliaria","status":"publish","type":"product","link":"https:\/\/digivantec.com\/en\/product\/pagina-web-inmobiliaria\/","title":{"rendered":"Pagina Web Inmobiliaria"},"content":{"rendered":"<ul>\n<li>1 A\u00f1o de dominio (Es el nombre de tu sitio web)<\/li>\n<li>1 A\u00f1o de hosting (Es donde se almacena tu sitio web)<\/li>\n<li>Certificado SSL (Garant\u00eda de Seguridad)<\/li>\n<li>Dise\u00f1o responsivo (Visualizaci\u00f3n optimizada para dispositivos m\u00f3viles)<\/li>\n<li>Enlace a Redes Sociales (S\u00f3lo un click para ir a tus redes)<\/li>\n<li>4 Secciones (Inicio, servicios, portafolio, contacto)<\/li>\n<li>Formulario b\u00e1sico de contacto(Para mandar mensajes en la misma pagina web)<\/li>\n<li>Mapa de google maps (Localizaci\u00f3n de la empresa o negocio)<\/li>\n<li>3 Correos Comerciales (Tu correo m\u00e1s profesional)<\/li>\n<li>Bot\u00f3n de Whatsapp &amp; Bot\u00f3n de Llamada Directa(S\u00f3lo un click para contactarte)<\/li>\n<li>Servicio y mantenimiento por un a\u00f1o (Mantenemos tu sitio web actualizado)<\/li>\n<\/ul>","protected":false},"excerpt":{"rendered":"<p>1 A\u00f1o de dominio (Es el nombre de tu sitio web) 1 A\u00f1o de hosting (Es donde se almacena tu sitio web) Certificado SSL (Garant\u00eda de Seguridad) Dise\u00f1o responsivo (Visualizaci\u00f3n optimizada para dispositivos m\u00f3viles) Enlace a Redes Sociales (S\u00f3lo un click para ir a tus redes) 4 Secciones (Inicio, servicios, portafolio, contacto) Formulario b\u00e1sico de [&hellip;]<\/p>\n","protected":false},"featured_media":2079,"comment_status":"open","ping_status":"closed","template":"","meta":{"_joinchat":[]},"product_brand":[],"product_cat":[19],"product_tag":[],"class_list":{"0":"post-2078","1":"product","2":"type-product","3":"status-publish","4":"has-post-thumbnail","6":"product_cat-sin-categorizar","8":"first","9":"instock","10":"shipping-taxable","11":"purchasable","12":"product-type-simple"},"_links":{"self":[{"href":"https:\/\/digivantec.com\/en\/wp-json\/wp\/v2\/product\/2078","targetHints":{"allow":["GET"]}}],"collection":[{"href":"https:\/\/digivantec.com\/en\/wp-json\/wp\/v2\/product"}],"about":[{"href":"https:\/\/digivantec.com\/en\/wp-json\/wp\/v2\/types\/product"}],"replies":[{"embeddable":true,"href":"https:\/\/digivantec.com\/en\/wp-json\/wp\/v2\/comments?post=2078"}],"wp:featuredmedia":[{"embeddable":true,"href":"https:\/\/digivantec.com\/en\/wp-json\/wp\/v2\/media\/2079"}],"wp:attachment":[{"href":"https:\/\/digivantec.com\/en\/wp-json\/wp\/v2\/media?parent=2078"}],"wp:term":[{"taxonomy":"product_brand","embeddable":true,"href":"https:\/\/digivantec.com\/en\/wp-json\/wp\/v2\/product_brand?post=2078"},{"taxonomy":"product_cat","embeddable":true,"href":"https:\/\/digivantec.com\/en\/wp-json\/wp\/v2\/product_cat?post=2078"},{"taxonomy":"product_tag","embeddable":true,"href":"https:\/\/digivantec.com\/en\/wp-json\/wp\/v2\/product_tag?post=2078"}],"curies":[{"name":"wp","href":"https:\/\/api.w.org\/{rel}","templated":true}]}}